{"id":641,"date":"2024-12-03T14:31:11","date_gmt":"2024-12-03T14:31:11","guid":{"rendered":"https:\/\/melody-project.eu\/?page_id=641"},"modified":"2025-07-16T09:49:01","modified_gmt":"2025-07-16T09:49:01","slug":"partners_3","status":"publish","type":"page","link":"https:\/\/melody-project.eu\/es\/partners_3\/","title":{"rendered":"Partners_3"},"content":{"rendered":"\t\t<div data-elementor-type=\"wp-page\" data-elementor-id=\"641\" class=\"elementor elementor-641 elementor-359\" data-elementor-post-type=\"page\">\n\t\t\t\t<div class=\"elementor-element elementor-element-6ec78c22 e-flex e-con-boxed e-con e-parent\" data-id=\"6ec78c22\" data-element_type=\"container\" data-e-type=\"container\">\n\t\t\t\t\t<div class=\"e-con-inner\">\n\t\t\t\t<div class=\"elementor-element elementor-element-193ed51e elementor-widget elementor-widget-spacer\" data-id=\"193ed51e\" data-element_type=\"widget\" data-e-type=\"widget\" data-widget_type=\"spacer.default\">\n\t\t\t\t<div class=\"elementor-widget-container\">\n\t\t\t\t\t\t\t<div class=\"elementor-spacer\">\n\t\t\t<div class=\"elementor-spacer-inner\"><\/div>\n\t\t<\/div>\n\t\t\t\t\t\t<\/div>\n\t\t\t\t<\/div>\n\t\t\t\t\t<\/div>\n\t\t\t\t<\/div>\n\t\t<div class=\"elementor-element elementor-element-36067bd0 e-flex e-con-boxed e-con e-parent\" data-id=\"36067bd0\" data-element_type=\"container\" data-e-type=\"container\">\n\t\t\t\t\t<div class=\"e-con-inner\">\n\t\t\t\t<div class=\"elementor-element elementor-element-6d958b15 elementor-headline--style-highlight elementor-widget elementor-widget-animated-headline\" data-id=\"6d958b15\" data-element_type=\"widget\" data-e-type=\"widget\" data-settings=\"{&quot;marker&quot;:&quot;underline&quot;,&quot;highlighted_text&quot;:&quot;IES LUIS BUENO CRESPO&quot;,&quot;headline_style&quot;:&quot;highlight&quot;,&quot;loop&quot;:&quot;yes&quot;,&quot;highlight_animation_duration&quot;:1200,&quot;highlight_iteration_delay&quot;:8000}\" data-widget_type=\"animated-headline.default\">\n\t\t\t\t<div class=\"elementor-widget-container\">\n\t\t\t\t\t\t\t<h3 class=\"elementor-headline\">\n\t\t\t\t<span class=\"elementor-headline-dynamic-wrapper elementor-headline-text-wrapper\">\n\t\t\t\t\t<span class=\"elementor-headline-dynamic-text elementor-headline-text-active\">IES LUIS BUENO CRESPO<\/span>\n\t\t\t\t<\/span>\n\t\t\t\t<\/h3>\n\t\t\t\t\t\t<\/div>\n\t\t\t\t<\/div>\n\t\t\t\t\t<\/div>\n\t\t\t\t<\/div>\n\t\t<div class=\"elementor-element elementor-element-488241de e-flex e-con-boxed e-con e-parent\" data-id=\"488241de\" data-element_type=\"container\" data-e-type=\"container\">\n\t\t\t\t\t<div class=\"e-con-inner\">\n\t\t<div class=\"elementor-element elementor-element-32f853f6 e-con-full e-flex e-con e-child\" data-id=\"32f853f6\" data-element_type=\"container\" data-e-type=\"container\">\n\t\t\t\t<div class=\"elementor-element elementor-element-2b1ef910 elementor-widget elementor-widget-image\" data-id=\"2b1ef910\" data-element_type=\"widget\" data-e-type=\"widget\" data-widget_type=\"image.default\">\n\t\t\t\t<div class=\"elementor-widget-container\">\n\t\t\t\t\t\t\t\t\t\t\t\t\t\t\t<img decoding=\"async\" width=\"300\" height=\"166\" src=\"https:\/\/melody-project.eu\/wp-content\/uploads\/2024\/12\/cropped-logo-300x166.png\" class=\"attachment-medium size-medium wp-image-248\" alt=\"\" srcset=\"https:\/\/melody-project.eu\/wp-content\/uploads\/2024\/12\/cropped-logo-300x166.png 300w, https:\/\/melody-project.eu\/wp-content\/uploads\/2024\/12\/cropped-logo.png 512w\" sizes=\"(max-width: 300px) 100vw, 300px\" \/>\t\t\t\t\t\t\t\t\t\t\t\t\t\t\t<\/div>\n\t\t\t\t<\/div>\n\t\t\t\t<\/div>\n\t\t<div class=\"elementor-element elementor-element-6b060dcd e-con-full e-flex e-con e-child\" data-id=\"6b060dcd\" data-element_type=\"container\" data-e-type=\"container\">\n\t\t\t\t<div class=\"elementor-element elementor-element-1035442c elementor-widget elementor-widget-text-editor\" data-id=\"1035442c\" data-element_type=\"widget\" data-e-type=\"widget\" data-widget_type=\"text-editor.default\">\n\t\t\t\t<div class=\"elementor-widget-container\">\n\t\t\t\t\t\t\t\t\t<p><b>Direccion: <\/b>Av. Las Palmeras s\/n 18100 Armilla (Granada) &#8211; Spain<b><br \/><\/b><b>Pagina: <\/b><a href=\"https:\/\/iesluisbuenocrespo.es\/\">https:\/\/iesluisbuenocrespo.es\/<\/a><br \/><b>Email: <\/b><a href=\"mailto:alcaidesoler@gmail.com\">alcaidesoler@gmail.com<\/a><\/p>\t\t\t\t\t\t\t\t<\/div>\n\t\t\t\t<\/div>\n\t\t\t\t<\/div>\n\t\t<div class=\"elementor-element elementor-element-5f28861a e-con-full e-flex e-con e-child\" data-id=\"5f28861a\" data-element_type=\"container\" data-e-type=\"container\">\n\t\t\t\t<div class=\"elementor-element elementor-element-1ee4a39a elementor-widget-divider--view-line_icon elementor-view-default elementor-widget-divider--element-align-center elementor-widget elementor-widget-divider\" data-id=\"1ee4a39a\" data-element_type=\"widget\" data-e-type=\"widget\" data-widget_type=\"divider.default\">\n\t\t\t\t<div class=\"elementor-widget-container\">\n\t\t\t\t\t\t\t<div class=\"elementor-divider\">\n\t\t\t<span class=\"elementor-divider-separator\">\n\t\t\t\t\t\t\t<div class=\"elementor-icon elementor-divider__element\">\n\t\t\t\t\t<svg aria-hidden=\"true\" class=\"e-font-icon-svg e-fas-music\" viewBox=\"0 0 512 512\" xmlns=\"http:\/\/www.w3.org\/2000\/svg\"><path d=\"M470.38 1.51L150.41 96A32 32 0 0 0 128 126.51v261.41A139 139 0 0 0 96 384c-53 0-96 28.66-96 64s43 64 96 64 96-28.66 96-64V214.32l256-75v184.61a138.4 138.4 0 0 0-32-3.93c-53 0-96 28.66-96 64s43 64 96 64 96-28.65 96-64V32a32 32 0 0 0-41.62-30.49z\"><\/path><\/svg><\/div>\n\t\t\t\t\t\t<\/span>\n\t\t<\/div>\n\t\t\t\t\t\t<\/div>\n\t\t\t\t<\/div>\n\t\t\t\t<div class=\"elementor-element elementor-element-1f5f9ac9 elementor-widget elementor-widget-text-editor\" data-id=\"1f5f9ac9\" data-element_type=\"widget\" data-e-type=\"widget\" data-widget_type=\"text-editor.default\">\n\t\t\t\t<div class=\"elementor-widget-container\">\n\t\t\t\t\t\t\t\t\t<p>Hace muchos a\u00f1os, un profesor de Literatura reflexion\u00f3 sobre c\u00f3mo representar la rima de un poema en el espacio. Desarroll\u00f3 una metodolog\u00eda para ello, pero en aquel entonces no exist\u00eda la tecnolog\u00eda para implementar productos digitales y 3D. Finalmente, la tecnolog\u00eda lleg\u00f3: programas como Geogebra o Tinkercad nos permiten dibujar cualquier poema y traducirlo a modelos 2D o 3D. Es un recorrido que va desde la Literatura, pasando por las Matem\u00e1ticas, la Tecnolog\u00eda y el Dise\u00f1o, para finalmente llegar al Arte y la M\u00fasica.<br \/>En cuanto al Proyecto Melod\u00eda, la metodolog\u00eda de la m\u00fasica de esferas puede enriquecer las historias de los participantes de origen migrante, creando atractivos modelos 3D que representan los textos y son \u00fatiles para desarrollar sus habilidades digitales. Aprender a hacerlo, a traducir palabras y rimas en figuras y modelos 3D, puede ser una experiencia \u00fanica. Adem\u00e1s, la posibilidad de imprimir modelos grandes como recuerdo del proyecto tambi\u00e9n es valiosa.<\/p>\t\t\t\t\t\t\t\t<\/div>\n\t\t\t\t<\/div>\n\t\t\t\t<\/div>\n\t\t\t\t\t<\/div>\n\t\t\t\t<\/div>\n\t\t\t\t<\/div>\n\t\t","protected":false},"excerpt":{"rendered":"<p>IES LUIS BUENO CRESPO Direccion: Av. Las Palmeras s\/n 18100 Armilla (Granada) &#8211; SpainPagina: https:\/\/iesluisbuenocrespo.es\/Email: alcaidesoler@gmail.com Hace muchos a\u00f1os, un profesor de Literatura reflexion\u00f3 sobre c\u00f3mo representar la rima de un poema en el espacio. Desarroll\u00f3 una metodolog\u00eda para ello, pero en aquel entonces no exist\u00eda la tecnolog\u00eda para implementar productos digitales y 3D. Finalmente, [&hellip;]<\/p>\n","protected":false},"author":4,"featured_media":0,"parent":0,"menu_order":0,"comment_status":"closed","ping_status":"closed","template":"elementor_header_footer","meta":{"footnotes":""},"class_list":["post-641","page","type-page","status-publish","hentry"],"_links":{"self":[{"href":"https:\/\/melody-project.eu\/es\/wp-json\/wp\/v2\/pages\/641","targetHints":{"allow":["GET"]}}],"collection":[{"href":"https:\/\/melody-project.eu\/es\/wp-json\/wp\/v2\/pages"}],"about":[{"href":"https:\/\/melody-project.eu\/es\/wp-json\/wp\/v2\/types\/page"}],"author":[{"embeddable":true,"href":"https:\/\/melody-project.eu\/es\/wp-json\/wp\/v2\/users\/4"}],"replies":[{"embeddable":true,"href":"https:\/\/melody-project.eu\/es\/wp-json\/wp\/v2\/comments?post=641"}],"version-history":[{"count":4,"href":"https:\/\/melody-project.eu\/es\/wp-json\/wp\/v2\/pages\/641\/revisions"}],"predecessor-version":[{"id":645,"href":"https:\/\/melody-project.eu\/es\/wp-json\/wp\/v2\/pages\/641\/revisions\/645"}],"wp:attachment":[{"href":"https:\/\/melody-project.eu\/es\/wp-json\/wp\/v2\/media?parent=641"}],"curies":[{"name":"wp","href":"https:\/\/api.w.org\/{rel}","templated":true}]}}