{"id":628,"date":"2024-12-03T14:30:27","date_gmt":"2024-12-03T14:30:27","guid":{"rendered":"https:\/\/melody-project.eu\/?page_id=628"},"modified":"2025-07-16T09:48:00","modified_gmt":"2025-07-16T09:48:00","slug":"partners_2","status":"publish","type":"page","link":"https:\/\/melody-project.eu\/es\/partners_2\/","title":{"rendered":"Partners_2"},"content":{"rendered":"\t\t<div data-elementor-type=\"wp-page\" data-elementor-id=\"628\" class=\"elementor elementor-628 elementor-357\" data-elementor-post-type=\"page\">\n\t\t\t\t<div class=\"elementor-element elementor-element-5fba68e e-flex e-con-boxed e-con e-parent\" data-id=\"5fba68e\" data-element_type=\"container\" data-e-type=\"container\">\n\t\t\t\t\t<div class=\"e-con-inner\">\n\t\t\t\t<div class=\"elementor-element elementor-element-207cb23 elementor-widget elementor-widget-spacer\" data-id=\"207cb23\" data-element_type=\"widget\" data-e-type=\"widget\" data-widget_type=\"spacer.default\">\n\t\t\t\t<div class=\"elementor-widget-container\">\n\t\t\t\t\t\t\t<div class=\"elementor-spacer\">\n\t\t\t<div class=\"elementor-spacer-inner\"><\/div>\n\t\t<\/div>\n\t\t\t\t\t\t<\/div>\n\t\t\t\t<\/div>\n\t\t\t\t\t<\/div>\n\t\t\t\t<\/div>\n\t\t<div class=\"elementor-element elementor-element-767bbf3 e-flex e-con-boxed e-con e-parent\" data-id=\"767bbf3\" data-element_type=\"container\" data-e-type=\"container\">\n\t\t\t\t\t<div class=\"e-con-inner\">\n\t\t\t\t<div class=\"elementor-element elementor-element-5826a6f elementor-headline--style-highlight elementor-widget elementor-widget-animated-headline\" data-id=\"5826a6f\" data-element_type=\"widget\" data-e-type=\"widget\" data-settings=\"{&quot;marker&quot;:&quot;underline&quot;,&quot;highlighted_text&quot;:&quot;Orchestra Improvvisata&quot;,&quot;headline_style&quot;:&quot;highlight&quot;,&quot;loop&quot;:&quot;yes&quot;,&quot;highlight_animation_duration&quot;:1200,&quot;highlight_iteration_delay&quot;:8000}\" data-widget_type=\"animated-headline.default\">\n\t\t\t\t<div class=\"elementor-widget-container\">\n\t\t\t\t\t\t\t<h3 class=\"elementor-headline\">\n\t\t\t\t<span class=\"elementor-headline-dynamic-wrapper elementor-headline-text-wrapper\">\n\t\t\t\t\t<span class=\"elementor-headline-dynamic-text elementor-headline-text-active\">Orchestra Improvvisata<\/span>\n\t\t\t\t<\/span>\n\t\t\t\t<\/h3>\n\t\t\t\t\t\t<\/div>\n\t\t\t\t<\/div>\n\t\t\t\t\t<\/div>\n\t\t\t\t<\/div>\n\t\t<div class=\"elementor-element elementor-element-65c2138 e-flex e-con-boxed e-con e-parent\" data-id=\"65c2138\" data-element_type=\"container\" data-e-type=\"container\">\n\t\t\t\t\t<div class=\"e-con-inner\">\n\t\t<div class=\"elementor-element elementor-element-48ca123 e-con-full e-flex e-con e-child\" data-id=\"48ca123\" data-element_type=\"container\" data-e-type=\"container\">\n\t\t\t\t<div class=\"elementor-element elementor-element-a1370e3 elementor-widget elementor-widget-image\" data-id=\"a1370e3\" data-element_type=\"widget\" data-e-type=\"widget\" data-widget_type=\"image.default\">\n\t\t\t\t<div class=\"elementor-widget-container\">\n\t\t\t\t\t\t\t\t\t\t\t\t\t\t\t<img decoding=\"async\" width=\"200\" height=\"200\" src=\"https:\/\/melody-project.eu\/wp-content\/uploads\/2024\/12\/cropped-cropped-logo-rcs-trasparente-1.png\" class=\"attachment-medium size-medium wp-image-245\" alt=\"\" srcset=\"https:\/\/melody-project.eu\/wp-content\/uploads\/2024\/12\/cropped-cropped-logo-rcs-trasparente-1.png 200w, https:\/\/melody-project.eu\/wp-content\/uploads\/2024\/12\/cropped-cropped-logo-rcs-trasparente-1-150x150.png 150w\" sizes=\"(max-width: 200px) 100vw, 200px\" \/>\t\t\t\t\t\t\t\t\t\t\t\t\t\t\t<\/div>\n\t\t\t\t<\/div>\n\t\t\t\t<\/div>\n\t\t<div class=\"elementor-element elementor-element-a594d11 e-con-full e-flex e-con e-child\" data-id=\"a594d11\" data-element_type=\"container\" data-e-type=\"container\">\n\t\t\t\t<div class=\"elementor-element elementor-element-1ba99a1 elementor-widget elementor-widget-text-editor\" data-id=\"1ba99a1\" data-element_type=\"widget\" data-e-type=\"widget\" data-widget_type=\"text-editor.default\">\n\t\t\t\t<div class=\"elementor-widget-container\">\n\t\t\t\t\t\t\t\t\t<p><b>Direccion: <\/b>Via Portonaccio 23b, Rome, Italy<b><br \/><\/b><b>Pagina: <\/b><a href=\"http:\/\/www.orchestraimprovvisata.com\">www.orchestraimprovvisata.com<\/a><br \/><b>Email:<\/b>\u00a0<a href=\"mailto:eduplius@gmail.com\">eduplius@gmail.com<\/a><\/p>\t\t\t\t\t\t\t\t<\/div>\n\t\t\t\t<\/div>\n\t\t\t\t<\/div>\n\t\t<div class=\"elementor-element elementor-element-1bde23e e-con-full e-flex e-con e-child\" data-id=\"1bde23e\" data-element_type=\"container\" data-e-type=\"container\">\n\t\t\t\t<div class=\"elementor-element elementor-element-52a30c1 elementor-widget-divider--view-line_icon elementor-view-default elementor-widget-divider--element-align-center elementor-widget elementor-widget-divider\" data-id=\"52a30c1\" data-element_type=\"widget\" data-e-type=\"widget\" data-widget_type=\"divider.default\">\n\t\t\t\t<div class=\"elementor-widget-container\">\n\t\t\t\t\t\t\t<div class=\"elementor-divider\">\n\t\t\t<span class=\"elementor-divider-separator\">\n\t\t\t\t\t\t\t<div class=\"elementor-icon elementor-divider__element\">\n\t\t\t\t\t<svg aria-hidden=\"true\" class=\"e-font-icon-svg e-fas-music\" viewBox=\"0 0 512 512\" xmlns=\"http:\/\/www.w3.org\/2000\/svg\"><path d=\"M470.38 1.51L150.41 96A32 32 0 0 0 128 126.51v261.41A139 139 0 0 0 96 384c-53 0-96 28.66-96 64s43 64 96 64 96-28.66 96-64V214.32l256-75v184.61a138.4 138.4 0 0 0-32-3.93c-53 0-96 28.66-96 64s43 64 96 64 96-28.65 96-64V32a32 32 0 0 0-41.62-30.49z\"><\/path><\/svg><\/div>\n\t\t\t\t\t\t<\/span>\n\t\t<\/div>\n\t\t\t\t\t\t<\/div>\n\t\t\t\t<\/div>\n\t\t\t\t<div class=\"elementor-element elementor-element-8d0e48f elementor-widget elementor-widget-text-editor\" data-id=\"8d0e48f\" data-element_type=\"widget\" data-e-type=\"widget\" data-widget_type=\"text-editor.default\">\n\t\t\t\t<div class=\"elementor-widget-container\">\n\t\t\t\t\t\t\t\t\t<p>La <strong>Improvvisata Orchestra<\/strong> es una asociaci\u00f3n de promoci\u00f3n social que propone la improvisaci\u00f3n musical como canal de expresi\u00f3n personal, relacional y, sobre todo, emocional. A nivel musical, al improvisar, ponemos en juego la inmensa alegr\u00eda de hacer lo que queremos. Cuando todos los que participan activamente en la improvisaci\u00f3n logran unir sus ideas, la belleza y la fuerza de esa producci\u00f3n sonora (sea cual sea) ser\u00e1 para ellos (en ese momento, en el aqu\u00ed y ahora) la m\u00fasica m\u00e1s hermosa del mundo. La m\u00fasica se improvisa a trav\u00e9s del \u00abRitmo con Se\u00f1as\u00bb, un lenguaje, un juego y un sistema pedag\u00f3gico. Este lenguaje de se\u00f1as, realizado con las manos, los brazos y todo el cuerpo, sirve para coordinar las improvisaciones musicales, enfatizando sobre todo la parte r\u00edtmica. Tambi\u00e9n es un juego con ritmo, porque se desarrolla en equipo. Hay un director y m\u00fasicos que improvisan y se nutren mutuamente, aportando sus propias ideas, ritmos y melod\u00edas (cuando hay instrumentos mel\u00f3dicos). El director ayuda a moderar esta improvisaci\u00f3n grupal, a coordinarla mediante lenguaje de se\u00f1as. De eso se trata. Para descubrir m\u00e1s propuestas de la Orquesta, visite: www.orchestraimprovvisata.com<br \/>Buona musica Sempre<\/p>\t\t\t\t\t\t\t\t<\/div>\n\t\t\t\t<\/div>\n\t\t\t\t<\/div>\n\t\t\t\t\t<\/div>\n\t\t\t\t<\/div>\n\t\t\t\t<\/div>\n\t\t","protected":false},"excerpt":{"rendered":"<p>Orchestra Improvvisata Direccion: Via Portonaccio 23b, Rome, ItalyPagina: www.orchestraimprovvisata.comEmail:\u00a0eduplius@gmail.com La Improvvisata Orchestra es una asociaci\u00f3n de promoci\u00f3n social que propone la improvisaci\u00f3n musical como canal de expresi\u00f3n personal, relacional y, sobre todo, emocional. A nivel musical, al improvisar, ponemos en juego la inmensa alegr\u00eda de hacer lo que queremos. Cuando todos los que participan activamente [&hellip;]<\/p>\n","protected":false},"author":4,"featured_media":0,"parent":0,"menu_order":0,"comment_status":"closed","ping_status":"closed","template":"elementor_header_footer","meta":{"footnotes":""},"class_list":["post-628","page","type-page","status-publish","hentry"],"_links":{"self":[{"href":"https:\/\/melody-project.eu\/es\/wp-json\/wp\/v2\/pages\/628","targetHints":{"allow":["GET"]}}],"collection":[{"href":"https:\/\/melody-project.eu\/es\/wp-json\/wp\/v2\/pages"}],"about":[{"href":"https:\/\/melody-project.eu\/es\/wp-json\/wp\/v2\/types\/page"}],"author":[{"embeddable":true,"href":"https:\/\/melody-project.eu\/es\/wp-json\/wp\/v2\/users\/4"}],"replies":[{"embeddable":true,"href":"https:\/\/melody-project.eu\/es\/wp-json\/wp\/v2\/comments?post=628"}],"version-history":[{"count":7,"href":"https:\/\/melody-project.eu\/es\/wp-json\/wp\/v2\/pages\/628\/revisions"}],"predecessor-version":[{"id":639,"href":"https:\/\/melody-project.eu\/es\/wp-json\/wp\/v2\/pages\/628\/revisions\/639"}],"wp:attachment":[{"href":"https:\/\/melody-project.eu\/es\/wp-json\/wp\/v2\/media?parent=628"}],"curies":[{"name":"wp","href":"https:\/\/api.w.org\/{rel}","templated":true}]}}