{"id":611,"date":"2024-12-03T14:29:25","date_gmt":"2024-12-03T14:29:25","guid":{"rendered":"https:\/\/melody-project.eu\/?page_id=611"},"modified":"2025-07-16T09:46:01","modified_gmt":"2025-07-16T09:46:01","slug":"elementor-611","status":"publish","type":"page","link":"https:\/\/melody-project.eu\/es\/elementor-611\/","title":{"rendered":"Partners_1"},"content":{"rendered":"\t\t<div data-elementor-type=\"wp-page\" data-elementor-id=\"611\" class=\"elementor elementor-611 elementor-355\" data-elementor-post-type=\"page\">\n\t\t\t\t<div class=\"elementor-element elementor-element-3aa2fcdb e-flex e-con-boxed e-con e-parent\" data-id=\"3aa2fcdb\" data-element_type=\"container\" data-e-type=\"container\">\n\t\t\t\t\t<div class=\"e-con-inner\">\n\t\t\t\t<div class=\"elementor-element elementor-element-2efcfa4a elementor-widget elementor-widget-spacer\" data-id=\"2efcfa4a\" data-element_type=\"widget\" data-e-type=\"widget\" data-widget_type=\"spacer.default\">\n\t\t\t\t<div class=\"elementor-widget-container\">\n\t\t\t\t\t\t\t<div class=\"elementor-spacer\">\n\t\t\t<div class=\"elementor-spacer-inner\"><\/div>\n\t\t<\/div>\n\t\t\t\t\t\t<\/div>\n\t\t\t\t<\/div>\n\t\t\t\t\t<\/div>\n\t\t\t\t<\/div>\n\t\t<div class=\"elementor-element elementor-element-7ebc3c91 e-flex e-con-boxed e-con e-parent\" data-id=\"7ebc3c91\" data-element_type=\"container\" data-e-type=\"container\">\n\t\t\t\t\t<div class=\"e-con-inner\">\n\t\t\t\t<div class=\"elementor-element elementor-element-7645eff6 elementor-headline--style-highlight elementor-widget elementor-widget-animated-headline\" data-id=\"7645eff6\" data-element_type=\"widget\" data-e-type=\"widget\" data-settings=\"{&quot;marker&quot;:&quot;underline&quot;,&quot;highlighted_text&quot;:&quot;CRHACKLAB F4D&quot;,&quot;headline_style&quot;:&quot;highlight&quot;,&quot;loop&quot;:&quot;yes&quot;,&quot;highlight_animation_duration&quot;:1200,&quot;highlight_iteration_delay&quot;:8000}\" data-widget_type=\"animated-headline.default\">\n\t\t\t\t<div class=\"elementor-widget-container\">\n\t\t\t\t\t\t\t<h3 class=\"elementor-headline\">\n\t\t\t\t<span class=\"elementor-headline-dynamic-wrapper elementor-headline-text-wrapper\">\n\t\t\t\t\t<span class=\"elementor-headline-dynamic-text elementor-headline-text-active\">CRHACKLAB F4D<\/span>\n\t\t\t\t<\/span>\n\t\t\t\t<\/h3>\n\t\t\t\t\t\t<\/div>\n\t\t\t\t<\/div>\n\t\t\t\t\t<\/div>\n\t\t\t\t<\/div>\n\t\t<div class=\"elementor-element elementor-element-7d86eb5c e-flex e-con-boxed e-con e-parent\" data-id=\"7d86eb5c\" data-element_type=\"container\" data-e-type=\"container\">\n\t\t\t\t\t<div class=\"e-con-inner\">\n\t\t<div class=\"elementor-element elementor-element-2e5c259b e-con-full e-flex e-con e-child\" data-id=\"2e5c259b\" data-element_type=\"container\" data-e-type=\"container\">\n\t\t\t\t<div class=\"elementor-element elementor-element-45810626 elementor-widget elementor-widget-image\" data-id=\"45810626\" data-element_type=\"widget\" data-e-type=\"widget\" data-widget_type=\"image.default\">\n\t\t\t\t<div class=\"elementor-widget-container\">\n\t\t\t\t\t\t\t\t\t\t\t\t\t\t\t<img fetchpriority=\"high\" decoding=\"async\" width=\"300\" height=\"256\" src=\"https:\/\/melody-project.eu\/wp-content\/uploads\/2024\/12\/LOGO-CL-300x256.png\" class=\"attachment-medium size-medium wp-image-242\" alt=\"\" srcset=\"https:\/\/melody-project.eu\/wp-content\/uploads\/2024\/12\/LOGO-CL-300x256.png 300w, https:\/\/melody-project.eu\/wp-content\/uploads\/2024\/12\/LOGO-CL-1024x873.png 1024w, https:\/\/melody-project.eu\/wp-content\/uploads\/2024\/12\/LOGO-CL-768x655.png 768w, https:\/\/melody-project.eu\/wp-content\/uploads\/2024\/12\/LOGO-CL-1536x1309.png 1536w, https:\/\/melody-project.eu\/wp-content\/uploads\/2024\/12\/LOGO-CL-2048x1746.png 2048w\" sizes=\"(max-width: 300px) 100vw, 300px\" \/>\t\t\t\t\t\t\t\t\t\t\t\t\t\t\t<\/div>\n\t\t\t\t<\/div>\n\t\t\t\t<\/div>\n\t\t<div class=\"elementor-element elementor-element-61725f01 e-con-full e-flex e-con e-child\" data-id=\"61725f01\" data-element_type=\"container\" data-e-type=\"container\">\n\t\t\t\t<div class=\"elementor-element elementor-element-664b7b58 elementor-widget elementor-widget-text-editor\" data-id=\"664b7b58\" data-element_type=\"widget\" data-e-type=\"widget\" data-widget_type=\"text-editor.default\">\n\t\t\t\t<div class=\"elementor-widget-container\">\n\t\t\t\t\t\t\t\t\t<p><b>Direccion: <\/b>Via A. Vici, 8\/b \u2013 Foligno 06034 (PG) \u2013 ITALY<b><br \/><\/b><b>Pagina:<\/b><br \/><b>Email:<\/b>\u00a0<a href=\"mailto:eduplius@gmail.com\">eduplius@gmail.com<\/a><\/p>\t\t\t\t\t\t\t\t<\/div>\n\t\t\t\t<\/div>\n\t\t\t\t<\/div>\n\t\t<div class=\"elementor-element elementor-element-3cfeee40 e-con-full e-flex e-con e-child\" data-id=\"3cfeee40\" data-element_type=\"container\" data-e-type=\"container\">\n\t\t\t\t<div class=\"elementor-element elementor-element-167ba47f elementor-widget-divider--view-line_icon elementor-view-default elementor-widget-divider--element-align-center elementor-widget elementor-widget-divider\" data-id=\"167ba47f\" data-element_type=\"widget\" data-e-type=\"widget\" data-widget_type=\"divider.default\">\n\t\t\t\t<div class=\"elementor-widget-container\">\n\t\t\t\t\t\t\t<div class=\"elementor-divider\">\n\t\t\t<span class=\"elementor-divider-separator\">\n\t\t\t\t\t\t\t<div class=\"elementor-icon elementor-divider__element\">\n\t\t\t\t\t<svg aria-hidden=\"true\" class=\"e-font-icon-svg e-fas-music\" viewBox=\"0 0 512 512\" xmlns=\"http:\/\/www.w3.org\/2000\/svg\"><path d=\"M470.38 1.51L150.41 96A32 32 0 0 0 128 126.51v261.41A139 139 0 0 0 96 384c-53 0-96 28.66-96 64s43 64 96 64 96-28.66 96-64V214.32l256-75v184.61a138.4 138.4 0 0 0-32-3.93c-53 0-96 28.66-96 64s43 64 96 64 96-28.65 96-64V32a32 32 0 0 0-41.62-30.49z\"><\/path><\/svg><\/div>\n\t\t\t\t\t\t<\/span>\n\t\t<\/div>\n\t\t\t\t\t\t<\/div>\n\t\t\t\t<\/div>\n\t\t\t\t<div class=\"elementor-element elementor-element-2ece7f70 elementor-widget elementor-widget-text-editor\" data-id=\"2ece7f70\" data-element_type=\"widget\" data-e-type=\"widget\" data-widget_type=\"text-editor.default\">\n\t\t\t\t<div class=\"elementor-widget-container\">\n\t\t\t\t\t\t\t\t\t<p>El <strong>CRHACK LAB F4D<\/strong> fue creado para ayudar a los j\u00f3venes a desarrollar una adicci\u00f3n al pensamiento innovador y a adquirir una cultura pr\u00e1ctica digital consciente, exponi\u00e9ndolos con anticipaci\u00f3n a las tecnolog\u00edas m\u00e1s avanzadas para prepararlos para los nuevos trabajos que surgir\u00e1n en la pr\u00f3xima d\u00e9cada.<\/p>\t\t\t\t\t\t\t\t<\/div>\n\t\t\t\t<\/div>\n\t\t\t\t<\/div>\n\t\t\t\t\t<\/div>\n\t\t\t\t<\/div>\n\t\t\t\t<\/div>\n\t\t","protected":false},"excerpt":{"rendered":"<p>CRHACKLAB F4D Direccion: Via A. Vici, 8\/b \u2013 Foligno 06034 (PG) \u2013 ITALYPagina:Email:\u00a0eduplius@gmail.com El CRHACK LAB F4D fue creado para ayudar a los j\u00f3venes a desarrollar una adicci\u00f3n al pensamiento innovador y a adquirir una cultura pr\u00e1ctica digital consciente, exponi\u00e9ndolos con anticipaci\u00f3n a las tecnolog\u00edas m\u00e1s avanzadas para prepararlos para los nuevos trabajos que surgir\u00e1n [&hellip;]<\/p>\n","protected":false},"author":4,"featured_media":0,"parent":0,"menu_order":0,"comment_status":"closed","ping_status":"closed","template":"elementor_header_footer","meta":{"footnotes":""},"class_list":["post-611","page","type-page","status-publish","hentry"],"_links":{"self":[{"href":"https:\/\/melody-project.eu\/es\/wp-json\/wp\/v2\/pages\/611","targetHints":{"allow":["GET"]}}],"collection":[{"href":"https:\/\/melody-project.eu\/es\/wp-json\/wp\/v2\/pages"}],"about":[{"href":"https:\/\/melody-project.eu\/es\/wp-json\/wp\/v2\/types\/page"}],"author":[{"embeddable":true,"href":"https:\/\/melody-project.eu\/es\/wp-json\/wp\/v2\/users\/4"}],"replies":[{"embeddable":true,"href":"https:\/\/melody-project.eu\/es\/wp-json\/wp\/v2\/comments?post=611"}],"version-history":[{"count":7,"href":"https:\/\/melody-project.eu\/es\/wp-json\/wp\/v2\/pages\/611\/revisions"}],"predecessor-version":[{"id":626,"href":"https:\/\/melody-project.eu\/es\/wp-json\/wp\/v2\/pages\/611\/revisions\/626"}],"wp:attachment":[{"href":"https:\/\/melody-project.eu\/es\/wp-json\/wp\/v2\/media?parent=611"}],"curies":[{"name":"wp","href":"https:\/\/api.w.org\/{rel}","templated":true}]}}